{"id":40,"date":"2022-11-24T15:41:38","date_gmt":"2022-11-24T14:41:38","guid":{"rendered":"https:\/\/healthyketodiet.com\/?page_id=40"},"modified":"2024-10-22T13:11:17","modified_gmt":"2024-10-22T11:11:17","slug":"przemiany","status":"publish","type":"page","link":"https:\/\/healthyketodiet.com\/pl\/przemiany\/","title":{"rendered":"Przemiany"},"content":{"rendered":"","protected":false},"excerpt":{"rendered":"","protected":false},"author":1,"featured_media":0,"parent":0,"menu_order":0,"comment_status":"closed","ping_status":"closed","template":"template-przemiany.php","meta":{"_acf_changed":false,"footnotes":""},"class_list":["post-40","page","type-page","status-publish","hentry"],"acf":[],"yoast_head":"<!-- This site is optimized with the Yoast SEO plugin v23.8 - https:\/\/yoast.com\/wordpress\/plugins\/seo\/ -->\n<title>Dieta ketogeniczna - przemiany naszych podopiecznych - KetoDietetyk.pl<\/title>\n<meta name=\"description\" content=\"Najlepszym potwierdzeniem skuteczno\u015bci diety ketogenicznej s\u0105 przemiany naszych podopiecznych. Zobacz przyk\u0142adowe keto przemiany.\" \/>\n<meta name=\"robots\" content=\"index, follow, max-snippet:-1, max-image-preview:large, max-video-preview:-1\" \/>\n<link rel=\"canonical\" href=\"https:\/\/healthyketodiet.com\/pl\/przemiany\/\" \/>\n<meta property=\"og:locale\" content=\"pl_PL\" \/>\n<meta property=\"og:type\" content=\"article\" \/>\n<meta property=\"og:title\" content=\"Dieta ketogeniczna - przemiany naszych podopiecznych - KetoDietetyk.pl\" \/>\n<meta property=\"og:description\" content=\"Najlepszym potwierdzeniem skuteczno\u015bci diety ketogenicznej s\u0105 przemiany naszych podopiecznych. Zobacz przyk\u0142adowe keto przemiany.\" \/>\n<meta property=\"og:url\" content=\"https:\/\/healthyketodiet.com\/pl\/przemiany\/\" \/>\n<meta property=\"og:site_name\" content=\"KetoDietetyk.pl\" \/>\n<meta property=\"article:modified_time\" content=\"2024-10-22T11:11:17+00:00\" \/>\n<meta name=\"twitter:card\" content=\"summary_large_image\" \/>\n<script type=\"application\/ld+json\" class=\"yoast-schema-graph\">{\"@context\":\"https:\/\/schema.org\",\"@graph\":[{\"@type\":\"WebPage\",\"@id\":\"https:\/\/healthyketodiet.com\/pl\/przemiany\/\",\"url\":\"https:\/\/healthyketodiet.com\/pl\/przemiany\/\",\"name\":\"Dieta ketogeniczna - przemiany naszych podopiecznych - KetoDietetyk.pl\",\"isPartOf\":{\"@id\":\"https:\/\/healthyketodiet.com\/pl\/#website\"},\"datePublished\":\"2022-11-24T14:41:38+00:00\",\"dateModified\":\"2024-10-22T11:11:17+00:00\",\"description\":\"Najlepszym potwierdzeniem skuteczno\u015bci diety ketogenicznej s\u0105 przemiany naszych podopiecznych. Zobacz przyk\u0142adowe keto przemiany.\",\"breadcrumb\":{\"@id\":\"https:\/\/healthyketodiet.com\/pl\/przemiany\/#breadcrumb\"},\"inLanguage\":\"pl-PL\",\"potentialAction\":[{\"@type\":\"ReadAction\",\"target\":[\"https:\/\/healthyketodiet.com\/pl\/przemiany\/\"]}]},{\"@type\":\"BreadcrumbList\",\"@id\":\"https:\/\/healthyketodiet.com\/pl\/przemiany\/#breadcrumb\",\"itemListElement\":[{\"@type\":\"ListItem\",\"position\":1,\"name\":\"Strona g\u0142\u00f3wna\",\"item\":\"https:\/\/healthyketodiet.com\/pl\/\"},{\"@type\":\"ListItem\",\"position\":2,\"name\":\"Przemiany\"}]},{\"@type\":\"WebSite\",\"@id\":\"https:\/\/healthyketodiet.com\/pl\/#website\",\"url\":\"https:\/\/healthyketodiet.com\/pl\/\",\"name\":\"KetoDietetyk.pl\",\"description\":\"Ultimate Guide To Better Life\",\"potentialAction\":[{\"@type\":\"SearchAction\",\"target\":{\"@type\":\"EntryPoint\",\"urlTemplate\":\"https:\/\/healthyketodiet.com\/pl\/?s={search_term_string}\"},\"query-input\":{\"@type\":\"PropertyValueSpecification\",\"valueRequired\":true,\"valueName\":\"search_term_string\"}}],\"inLanguage\":\"pl-PL\"}]}<\/script>\n<!-- \/ Yoast SEO plugin. -->","yoast_head_json":{"title":"Dieta ketogeniczna - przemiany naszych podopiecznych - KetoDietetyk.pl","description":"Najlepszym potwierdzeniem skuteczno\u015bci diety ketogenicznej s\u0105 przemiany naszych podopiecznych. Zobacz przyk\u0142adowe keto przemiany.","robots":{"index":"index","follow":"follow","max-snippet":"max-snippet:-1","max-image-preview":"max-image-preview:large","max-video-preview":"max-video-preview:-1"},"canonical":"https:\/\/healthyketodiet.com\/pl\/przemiany\/","og_locale":"pl_PL","og_type":"article","og_title":"Dieta ketogeniczna - przemiany naszych podopiecznych - KetoDietetyk.pl","og_description":"Najlepszym potwierdzeniem skuteczno\u015bci diety ketogenicznej s\u0105 przemiany naszych podopiecznych. Zobacz przyk\u0142adowe keto przemiany.","og_url":"https:\/\/healthyketodiet.com\/pl\/przemiany\/","og_site_name":"KetoDietetyk.pl","article_modified_time":"2024-10-22T11:11:17+00:00","twitter_card":"summary_large_image","schema":{"@context":"https:\/\/schema.org","@graph":[{"@type":"WebPage","@id":"https:\/\/healthyketodiet.com\/pl\/przemiany\/","url":"https:\/\/healthyketodiet.com\/pl\/przemiany\/","name":"Dieta ketogeniczna - przemiany naszych podopiecznych - KetoDietetyk.pl","isPartOf":{"@id":"https:\/\/healthyketodiet.com\/pl\/#website"},"datePublished":"2022-11-24T14:41:38+00:00","dateModified":"2024-10-22T11:11:17+00:00","description":"Najlepszym potwierdzeniem skuteczno\u015bci diety ketogenicznej s\u0105 przemiany naszych podopiecznych. Zobacz przyk\u0142adowe keto przemiany.","breadcrumb":{"@id":"https:\/\/healthyketodiet.com\/pl\/przemiany\/#breadcrumb"},"inLanguage":"pl-PL","potentialAction":[{"@type":"ReadAction","target":["https:\/\/healthyketodiet.com\/pl\/przemiany\/"]}]},{"@type":"BreadcrumbList","@id":"https:\/\/healthyketodiet.com\/pl\/przemiany\/#breadcrumb","itemListElement":[{"@type":"ListItem","position":1,"name":"Strona g\u0142\u00f3wna","item":"https:\/\/healthyketodiet.com\/pl\/"},{"@type":"ListItem","position":2,"name":"Przemiany"}]},{"@type":"WebSite","@id":"https:\/\/healthyketodiet.com\/pl\/#website","url":"https:\/\/healthyketodiet.com\/pl\/","name":"KetoDietetyk.pl","description":"Ultimate Guide To Better Life","potentialAction":[{"@type":"SearchAction","target":{"@type":"EntryPoint","urlTemplate":"https:\/\/healthyketodiet.com\/pl\/?s={search_term_string}"},"query-input":{"@type":"PropertyValueSpecification","valueRequired":true,"valueName":"search_term_string"}}],"inLanguage":"pl-PL"}]}},"_links":{"self":[{"href":"https:\/\/healthyketodiet.com\/pl\/wp-json\/wp\/v2\/pages\/40","targetHints":{"allow":["GET"]}}],"collection":[{"href":"https:\/\/healthyketodiet.com\/pl\/wp-json\/wp\/v2\/pages"}],"about":[{"href":"https:\/\/healthyketodiet.com\/pl\/wp-json\/wp\/v2\/types\/page"}],"author":[{"embeddable":true,"href":"https:\/\/healthyketodiet.com\/pl\/wp-json\/wp\/v2\/users\/1"}],"replies":[{"embeddable":true,"href":"https:\/\/healthyketodiet.com\/pl\/wp-json\/wp\/v2\/comments?post=40"}],"version-history":[{"count":1,"href":"https:\/\/healthyketodiet.com\/pl\/wp-json\/wp\/v2\/pages\/40\/revisions"}],"predecessor-version":[{"id":7661,"href":"https:\/\/healthyketodiet.com\/pl\/wp-json\/wp\/v2\/pages\/40\/revisions\/7661"}],"wp:attachment":[{"href":"https:\/\/healthyketodiet.com\/pl\/wp-json\/wp\/v2\/media?parent=40"}],"curies":[{"name":"wp","href":"https:\/\/api.w.org\/{rel}","templated":true}]}}