{"id":6887,"date":"2023-06-02T12:41:45","date_gmt":"2023-06-02T10:41:45","guid":{"rendered":"https:\/\/healthyketodiet.com\/?page_id=6887"},"modified":"2024-10-22T12:59:12","modified_gmt":"2024-10-22T10:59:12","slug":"faq","status":"publish","type":"page","link":"https:\/\/healthyketodiet.com\/pl\/faq\/","title":{"rendered":"Najcz\u0119\u015bciej zadawane pytania (FAQ)"},"content":{"rendered":"","protected":false},"excerpt":{"rendered":"","protected":false},"author":1,"featured_media":0,"parent":0,"menu_order":0,"comment_status":"closed","ping_status":"closed","template":"template-faq.php","meta":{"_acf_changed":false,"footnotes":""},"class_list":["post-6887","page","type-page","status-publish","hentry"],"acf":[],"yoast_head":"<!-- This site is optimized with the Yoast SEO plugin v23.8 - https:\/\/yoast.com\/wordpress\/plugins\/seo\/ -->\n<title>Dieta ketogeniczna - FAQ - KetoDietetyk.pl<\/title>\n<meta name=\"description\" content=\"Sprawd\u017a najcz\u0119\u015bciej zadawane pytania dotycz\u0105ce diety ketogenicznej i znajd\u017a odpowied\u017a na swoje pytanie. W razie w\u0105tpliwo\u015bci - zapraszamy do kontaktu.\" \/>\n<meta name=\"robots\" content=\"index, follow, max-snippet:-1, max-image-preview:large, max-video-preview:-1\" \/>\n<link rel=\"canonical\" href=\"https:\/\/healthyketodiet.com\/pl\/faq\/\" \/>\n<meta property=\"og:locale\" content=\"pl_PL\" \/>\n<meta property=\"og:type\" content=\"article\" \/>\n<meta property=\"og:title\" content=\"Dieta ketogeniczna - FAQ - KetoDietetyk.pl\" \/>\n<meta property=\"og:description\" content=\"Sprawd\u017a najcz\u0119\u015bciej zadawane pytania dotycz\u0105ce diety ketogenicznej i znajd\u017a odpowied\u017a na swoje pytanie. W razie w\u0105tpliwo\u015bci - zapraszamy do kontaktu.\" \/>\n<meta property=\"og:url\" content=\"https:\/\/healthyketodiet.com\/pl\/faq\/\" \/>\n<meta property=\"og:site_name\" content=\"KetoDietetyk.pl\" \/>\n<meta property=\"article:modified_time\" content=\"2024-10-22T10:59:12+00:00\" \/>\n<meta name=\"twitter:card\" content=\"summary_large_image\" \/>\n<script type=\"application\/ld+json\" class=\"yoast-schema-graph\">{\"@context\":\"https:\/\/schema.org\",\"@graph\":[{\"@type\":\"WebPage\",\"@id\":\"https:\/\/healthyketodiet.com\/pl\/faq\/\",\"url\":\"https:\/\/healthyketodiet.com\/pl\/faq\/\",\"name\":\"Dieta ketogeniczna - FAQ - KetoDietetyk.pl\",\"isPartOf\":{\"@id\":\"https:\/\/healthyketodiet.com\/pl\/#website\"},\"datePublished\":\"2023-06-02T10:41:45+00:00\",\"dateModified\":\"2024-10-22T10:59:12+00:00\",\"description\":\"Sprawd\u017a najcz\u0119\u015bciej zadawane pytania dotycz\u0105ce diety ketogenicznej i znajd\u017a odpowied\u017a na swoje pytanie. W razie w\u0105tpliwo\u015bci - zapraszamy do kontaktu.\",\"breadcrumb\":{\"@id\":\"https:\/\/healthyketodiet.com\/pl\/faq\/#breadcrumb\"},\"inLanguage\":\"pl-PL\",\"potentialAction\":[{\"@type\":\"ReadAction\",\"target\":[\"https:\/\/healthyketodiet.com\/pl\/faq\/\"]}]},{\"@type\":\"BreadcrumbList\",\"@id\":\"https:\/\/healthyketodiet.com\/pl\/faq\/#breadcrumb\",\"itemListElement\":[{\"@type\":\"ListItem\",\"position\":1,\"name\":\"Strona g\u0142\u00f3wna\",\"item\":\"https:\/\/healthyketodiet.com\/pl\/\"},{\"@type\":\"ListItem\",\"position\":2,\"name\":\"Najcz\u0119\u015bciej zadawane pytania (FAQ)\"}]},{\"@type\":\"WebSite\",\"@id\":\"https:\/\/healthyketodiet.com\/pl\/#website\",\"url\":\"https:\/\/healthyketodiet.com\/pl\/\",\"name\":\"KetoDietetyk.pl\",\"description\":\"Ultimate Guide To Better Life\",\"potentialAction\":[{\"@type\":\"SearchAction\",\"target\":{\"@type\":\"EntryPoint\",\"urlTemplate\":\"https:\/\/healthyketodiet.com\/pl\/?s={search_term_string}\"},\"query-input\":{\"@type\":\"PropertyValueSpecification\",\"valueRequired\":true,\"valueName\":\"search_term_string\"}}],\"inLanguage\":\"pl-PL\"}]}<\/script>\n<!-- \/ Yoast SEO plugin. -->","yoast_head_json":{"title":"Dieta ketogeniczna - FAQ - KetoDietetyk.pl","description":"Sprawd\u017a najcz\u0119\u015bciej zadawane pytania dotycz\u0105ce diety ketogenicznej i znajd\u017a odpowied\u017a na swoje pytanie. W razie w\u0105tpliwo\u015bci - zapraszamy do kontaktu.","robots":{"index":"index","follow":"follow","max-snippet":"max-snippet:-1","max-image-preview":"max-image-preview:large","max-video-preview":"max-video-preview:-1"},"canonical":"https:\/\/healthyketodiet.com\/pl\/faq\/","og_locale":"pl_PL","og_type":"article","og_title":"Dieta ketogeniczna - FAQ - KetoDietetyk.pl","og_description":"Sprawd\u017a najcz\u0119\u015bciej zadawane pytania dotycz\u0105ce diety ketogenicznej i znajd\u017a odpowied\u017a na swoje pytanie. W razie w\u0105tpliwo\u015bci - zapraszamy do kontaktu.","og_url":"https:\/\/healthyketodiet.com\/pl\/faq\/","og_site_name":"KetoDietetyk.pl","article_modified_time":"2024-10-22T10:59:12+00:00","twitter_card":"summary_large_image","schema":{"@context":"https:\/\/schema.org","@graph":[{"@type":"WebPage","@id":"https:\/\/healthyketodiet.com\/pl\/faq\/","url":"https:\/\/healthyketodiet.com\/pl\/faq\/","name":"Dieta ketogeniczna - FAQ - KetoDietetyk.pl","isPartOf":{"@id":"https:\/\/healthyketodiet.com\/pl\/#website"},"datePublished":"2023-06-02T10:41:45+00:00","dateModified":"2024-10-22T10:59:12+00:00","description":"Sprawd\u017a najcz\u0119\u015bciej zadawane pytania dotycz\u0105ce diety ketogenicznej i znajd\u017a odpowied\u017a na swoje pytanie. W razie w\u0105tpliwo\u015bci - zapraszamy do kontaktu.","breadcrumb":{"@id":"https:\/\/healthyketodiet.com\/pl\/faq\/#breadcrumb"},"inLanguage":"pl-PL","potentialAction":[{"@type":"ReadAction","target":["https:\/\/healthyketodiet.com\/pl\/faq\/"]}]},{"@type":"BreadcrumbList","@id":"https:\/\/healthyketodiet.com\/pl\/faq\/#breadcrumb","itemListElement":[{"@type":"ListItem","position":1,"name":"Strona g\u0142\u00f3wna","item":"https:\/\/healthyketodiet.com\/pl\/"},{"@type":"ListItem","position":2,"name":"Najcz\u0119\u015bciej zadawane pytania (FAQ)"}]},{"@type":"WebSite","@id":"https:\/\/healthyketodiet.com\/pl\/#website","url":"https:\/\/healthyketodiet.com\/pl\/","name":"KetoDietetyk.pl","description":"Ultimate Guide To Better Life","potentialAction":[{"@type":"SearchAction","target":{"@type":"EntryPoint","urlTemplate":"https:\/\/healthyketodiet.com\/pl\/?s={search_term_string}"},"query-input":{"@type":"PropertyValueSpecification","valueRequired":true,"valueName":"search_term_string"}}],"inLanguage":"pl-PL"}]}},"_links":{"self":[{"href":"https:\/\/healthyketodiet.com\/pl\/wp-json\/wp\/v2\/pages\/6887","targetHints":{"allow":["GET"]}}],"collection":[{"href":"https:\/\/healthyketodiet.com\/pl\/wp-json\/wp\/v2\/pages"}],"about":[{"href":"https:\/\/healthyketodiet.com\/pl\/wp-json\/wp\/v2\/types\/page"}],"author":[{"embeddable":true,"href":"https:\/\/healthyketodiet.com\/pl\/wp-json\/wp\/v2\/users\/1"}],"replies":[{"embeddable":true,"href":"https:\/\/healthyketodiet.com\/pl\/wp-json\/wp\/v2\/comments?post=6887"}],"version-history":[{"count":1,"href":"https:\/\/healthyketodiet.com\/pl\/wp-json\/wp\/v2\/pages\/6887\/revisions"}],"predecessor-version":[{"id":7684,"href":"https:\/\/healthyketodiet.com\/pl\/wp-json\/wp\/v2\/pages\/6887\/revisions\/7684"}],"wp:attachment":[{"href":"https:\/\/healthyketodiet.com\/pl\/wp-json\/wp\/v2\/media?parent=6887"}],"curies":[{"name":"wp","href":"https:\/\/api.w.org\/{rel}","templated":true}]}}